{"id":266,"date":"2023-08-11T11:45:50","date_gmt":"2023-08-11T11:45:50","guid":{"rendered":"https:\/\/tacom.fel.cvut.cz\/?page_id=266"},"modified":"2023-08-11T13:57:55","modified_gmt":"2023-08-11T13:57:55","slug":"mereni","status":"publish","type":"page","link":"https:\/\/tacom.fel.cvut.cz\/en\/mereni\/","title":{"rendered":"Vlastn\u00ed m\u011b\u0159en\u00ed"},"content":{"rendered":"<p>[et_pb_section fb_built=&#8220;1&#8243; admin_label=&#8220;Hero&#8220; _builder_version=&#8220;4.21.2&#8243; background_color=&#8220;#232577&#8243; background_color_gradient_direction=&#8220;271deg&#8220; custom_padding=&#8220;||0px|||&#8220; global_colors_info=&#8220;{}&#8220;][et_pb_row _builder_version=&#8220;4.21.2&#8243; background_size=&#8220;initial&#8220; background_position=&#8220;top_left&#8220; background_repeat=&#8220;repeat&#8220; width=&#8220;100%&#8220; max_width=&#8220;100%&#8220; custom_margin=&#8220;|||&#8220; custom_padding=&#8220;65px|||||&#8220; use_custom_width=&#8220;on&#8220; width_unit=&#8220;off&#8220; custom_width_percent=&#8220;100%&#8220; global_colors_info=&#8220;{}&#8220;][et_pb_column type=&#8220;4_4&#8243; _builder_version=&#8220;4.21.2&#8243; custom_padding=&#8220;60px|10%|60px|10%|false|false&#8220; custom_padding_tablet=&#8220;20px|10%|0px|10%&#8220; custom_padding_phone=&#8220;20px|10%|0px|10%&#8220; custom_padding_last_edited=&#8220;on|phone&#8220; global_colors_info=&#8220;{}&#8220; custom_padding__hover=&#8220;|||&#8220;][et_pb_text _builder_version=&#8220;4.22.0&#8243; text_font=&#8220;||||||||&#8220; header_font=&#8220;Merriweather|700|||||||&#8220; header_font_size=&#8220;46px&#8220; header_line_height=&#8220;1.3em&#8220; background_layout=&#8220;dark&#8220; width=&#8220;100%&#8220; module_alignment=&#8220;center&#8220; custom_margin=&#8220;-34px||0px|||&#8220; animation_direction=&#8220;top&#8220; header_font_size_tablet=&#8220;46px&#8220; header_font_size_phone=&#8220;33px&#8220; header_font_size_last_edited=&#8220;on|phone&#8220; global_colors_info=&#8220;{}&#8220;]<\/p>\n<h1 style=\"text-align: center;\">CUSTOM MEASUREMENTS<\/h1>\n<p>[\/et_pb_text][et_pb_text _builder_version=&#8220;4.22.0&#8243; text_font=&#8220;||||||||&#8220; text_font_size=&#8220;20px&#8220; text_line_height=&#8220;1.8em&#8220; background_layout=&#8220;dark&#8220; width=&#8220;100%&#8220; custom_margin=&#8220;25px|-98px||||&#8220; custom_padding=&#8220;|0px||||&#8220; animation_direction=&#8220;top&#8220; global_colors_info=&#8220;{}&#8220;]<\/p>\n<p>If you are interested in a demonstration of the CPEM method and measurements on your own samples, please fill in the registration form below. Interested parties will be contacted shortly at the email address provided. Please note that the maximum sample size is 10x10x5 mm.<\/p>\n<p>[\/et_pb_text][et_pb_divider color=&#8220;#829299&#8243; divider_weight=&#8220;3px&#8220; _builder_version=&#8220;4.22.0&#8243; _module_preset=&#8220;default&#8220; width=&#8220;100%&#8220; custom_margin=&#8220;-25px|||||&#8220; custom_padding=&#8220;1px|12%|||false|false&#8220; global_colors_info=&#8220;{}&#8220;][\/et_pb_divider][et_pb_contact_form use_spam_service=&#8220;on&#8220; recaptcha_list=&#8220;TACOM|TACOM-0&#8243; email=&#8220;barinmar@fel.cvut.cz&#8220; title=&#8220;P\u0159ihla\u0161ovac\u00ed formul\u00e1\u0159&#8220; custom_message=&#8220;Dobr\u00fd den,||et_pb_line_break_holder||potvrzujeme novou p\u0159ihl\u00e1\u0161ku na m\u011b\u0159en\u00ed vlastn\u00edch vzork\u016f.||et_pb_line_break_holder||Jm\u00e9no: %%name%%||et_pb_line_break_holder||Email: %%email%%||et_pb_line_break_holder||Instituce: %%institute%%||et_pb_line_break_holder||Vzorek: %%vzorek%%||et_pb_line_break_holder||Zpr\u00e1va: %%message%%&#8220; success_message=&#8220;D\u011bkujeme za z\u00e1jem o m\u011b\u0159en\u00ed v na\u0161\u00ed laborato\u0159i a t\u011b\u0161\u00edme se brzi na vid\u011bnou.&#8220; _builder_version=&#8220;4.22.0&#8243; _module_preset=&#8220;default&#8220; _unique_id=&#8220;9ba3728c-6af3-4740-9709-4c5a98daf20f&#8220; form_field_background_color=&#8220;#999999&#8243; form_field_text_color=&#8220;#FFFFFF&#8220; title_text_align=&#8220;left&#8220; title_text_color=&#8220;#FFFFFF&#8220; captcha_text_color=&#8220;#FFFFFF&#8220; captcha_letter_spacing=&#8220;1px&#8220; custom_button=&#8220;on&#8220; button_text_color=&#8220;#FFFFFF&#8220; width=&#8220;67%&#8220; width_tablet=&#8220;67%&#8220; width_phone=&#8220;90%&#8220; width_last_edited=&#8220;on|phone&#8220; max_width=&#8220;100%&#8220; module_alignment=&#8220;center&#8220; custom_margin=&#8220;||4px|||&#8220; hover_enabled=&#8220;0&#8243; global_colors_info=&#8220;{}&#8220; submit_button_text=&#8220;Odeslat&#8220; sticky_enabled=&#8220;0&#8243;][et_pb_contact_field field_id=&#8220;Name&#8220; field_title=&#8220;Jm\u00e9no&#8220; fullwidth_field=&#8220;on&#8220; _builder_version=&#8220;4.22.0&#8243; form_field_background_color=&#8220;#999999&#8243; form_field_text_color=&#8220;#FFFFFF&#8220; hover_enabled=&#8220;0&#8243; global_colors_info=&#8220;{}&#8220; button_text_size__hover_enabled=&#8220;off&#8220; button_one_text_size__hover_enabled=&#8220;off&#8220; button_two_text_size__hover_enabled=&#8220;off&#8220; button_text_color__hover_enabled=&#8220;off&#8220; button_one_text_color__hover_enabled=&#8220;off&#8220; button_two_text_color__hover_enabled=&#8220;off&#8220; button_border_width__hover_enabled=&#8220;off&#8220; button_one_border_width__hover_enabled=&#8220;off&#8220; button_two_border_width__hover_enabled=&#8220;off&#8220; button_border_color__hover_enabled=&#8220;off&#8220; button_one_border_color__hover_enabled=&#8220;off&#8220; button_two_border_color__hover_enabled=&#8220;off&#8220; button_border_radius__hover_enabled=&#8220;off&#8220; button_one_border_radius__hover_enabled=&#8220;off&#8220; button_two_border_radius__hover_enabled=&#8220;off&#8220; button_letter_spacing__hover_enabled=&#8220;off&#8220; button_one_letter_spacing__hover_enabled=&#8220;off&#8220; button_two_letter_spacing__hover_enabled=&#8220;off&#8220; button_bg_color__hover_enabled=&#8220;off&#8220; button_one_bg_color__hover_enabled=&#8220;off&#8220; button_two_bg_color__hover_enabled=&#8220;off&#8220; form_field_focus_background_color=&#8220;#999999&#8243; form_field_focus_text_color=&#8220;#FFFFFF&#8220; sticky_enabled=&#8220;0&#8243;][\/et_pb_contact_field][et_pb_contact_field field_id=&#8220;Email&#8220; field_title=&#8220;E-mailov\u00e1 adresa&#8220; field_type=&#8220;email&#8220; fullwidth_field=&#8220;on&#8220; _builder_version=&#8220;4.22.0&#8243; form_field_background_color=&#8220;#999999&#8243; form_field_text_color=&#8220;#FFFFFF&#8220; hover_enabled=&#8220;0&#8243; global_colors_info=&#8220;{}&#8220; button_text_size__hover_enabled=&#8220;off&#8220; button_one_text_size__hover_enabled=&#8220;off&#8220; button_two_text_size__hover_enabled=&#8220;off&#8220; button_text_color__hover_enabled=&#8220;off&#8220; button_one_text_color__hover_enabled=&#8220;off&#8220; button_two_text_color__hover_enabled=&#8220;off&#8220; button_border_width__hover_enabled=&#8220;off&#8220; button_one_border_width__hover_enabled=&#8220;off&#8220; button_two_border_width__hover_enabled=&#8220;off&#8220; button_border_color__hover_enabled=&#8220;off&#8220; button_one_border_color__hover_enabled=&#8220;off&#8220; button_two_border_color__hover_enabled=&#8220;off&#8220; button_border_radius__hover_enabled=&#8220;off&#8220; button_one_border_radius__hover_enabled=&#8220;off&#8220; button_two_border_radius__hover_enabled=&#8220;off&#8220; button_letter_spacing__hover_enabled=&#8220;off&#8220; button_one_letter_spacing__hover_enabled=&#8220;off&#8220; button_two_letter_spacing__hover_enabled=&#8220;off&#8220; button_bg_color__hover_enabled=&#8220;off&#8220; button_one_bg_color__hover_enabled=&#8220;off&#8220; button_two_bg_color__hover_enabled=&#8220;off&#8220; form_field_focus_background_color=&#8220;#999999&#8243; form_field_focus_text_color=&#8220;#FFFFFF&#8220; sticky_enabled=&#8220;0&#8243;][\/et_pb_contact_field][et_pb_contact_field field_id=&#8220;Institute&#8220; field_title=&#8220;Instituce&#8220; required_mark=&#8220;off&#8220; fullwidth_field=&#8220;on&#8220; _builder_version=&#8220;4.22.0&#8243; _module_preset=&#8220;default&#8220; form_field_background_color=&#8220;#999999&#8243; form_field_text_color=&#8220;#FFFFFF&#8220; global_colors_info=&#8220;{}&#8220;][\/et_pb_contact_field][et_pb_contact_field field_id=&#8220;Vzorek&#8220; field_title=&#8220;Popi\u0161te stru\u010dn\u011b sv\u016fj vzorek&#8220; fullwidth_field=&#8220;on&#8220; _builder_version=&#8220;4.22.0&#8243; _module_preset=&#8220;default&#8220; form_field_background_color=&#8220;#999999&#8243; form_field_text_color=&#8220;#FFFFFF&#8220; hover_enabled=&#8220;0&#8243; global_colors_info=&#8220;{}&#8220; form_field_focus_background_color=&#8220;#999999&#8243; form_field_focus_text_color=&#8220;#FFFFFF&#8220; sticky_enabled=&#8220;0&#8243;][\/et_pb_contact_field][et_pb_contact_field field_id=&#8220;Message&#8220; field_title=&#8220;Zpr\u00e1va \u010di dopl\u0148uj\u00edc\u00ed informace&#8220; field_type=&#8220;text&#8220; required_mark=&#8220;off&#8220; fullwidth_field=&#8220;on&#8220; _builder_version=&#8220;4.22.0&#8243; form_field_background_color=&#8220;#999999&#8243; form_field_text_color=&#8220;#FFFFFF&#8220; hover_enabled=&#8220;0&#8243; global_colors_info=&#8220;{}&#8220; button_text_size__hover_enabled=&#8220;off&#8220; button_one_text_size__hover_enabled=&#8220;off&#8220; button_two_text_size__hover_enabled=&#8220;off&#8220; button_text_color__hover_enabled=&#8220;off&#8220; button_one_text_color__hover_enabled=&#8220;off&#8220; button_two_text_color__hover_enabled=&#8220;off&#8220; button_border_width__hover_enabled=&#8220;off&#8220; button_one_border_width__hover_enabled=&#8220;off&#8220; button_two_border_width__hover_enabled=&#8220;off&#8220; button_border_color__hover_enabled=&#8220;off&#8220; button_one_border_color__hover_enabled=&#8220;off&#8220; button_two_border_color__hover_enabled=&#8220;off&#8220; button_border_radius__hover_enabled=&#8220;off&#8220; button_one_border_radius__hover_enabled=&#8220;off&#8220; button_two_border_radius__hover_enabled=&#8220;off&#8220; button_letter_spacing__hover_enabled=&#8220;off&#8220; button_one_letter_spacing__hover_enabled=&#8220;off&#8220; button_two_letter_spacing__hover_enabled=&#8220;off&#8220; button_bg_color__hover_enabled=&#8220;off&#8220; button_one_bg_color__hover_enabled=&#8220;off&#8220; button_two_bg_color__hover_enabled=&#8220;off&#8220; form_field_focus_background_color=&#8220;#999999&#8243; form_field_focus_text_color=&#8220;#FFFFFF&#8220; sticky_enabled=&#8220;0&#8243;][\/et_pb_contact_field][et_pb_contact_field field_id=&#8220;GDPR&#8220; field_title=&#8220;Va\u0161e osobn\u00ed \u00fadaje budeme zpracov\u00e1vat pouze za \u00fa\u010delem organizace m\u011b\u0159en\u00ed. V\u0161echny vlo\u017een\u00e9 informace budou zpracov\u00e1ny v souladu se z\u00e1sadami ochrany osobn\u00edch \u00fadaj\u016f.&#8220; field_type=&#8220;text&#8220; required_mark=&#8220;off&#8220; fullwidth_field=&#8220;on&#8220; _builder_version=&#8220;4.22.0&#8243; _module_preset=&#8220;default&#8220; form_field_background_color=&#8220;RGBA(255,255,255,0)&#8220; min_height=&#8220;100px&#8220; height=&#8220;100px&#8220; custom_margin=&#8220;||-75px||false|false&#8220; custom_margin_tablet=&#8220;||-75px||false|false&#8220; custom_margin_phone=&#8220;||0px||false|false&#8220; custom_margin_last_edited=&#8220;on|phone&#8220; custom_padding=&#8220;||0px||false|false&#8220; global_colors_info=&#8220;{}&#8220;][\/et_pb_contact_field][\/et_pb_contact_form][\/et_pb_column][\/et_pb_row][\/et_pb_section]<\/p>","protected":false},"excerpt":{"rendered":"<p>VLASTN\u00cd M\u011a\u0158EN\u00cdPokud m\u00e1te z\u00e1jem o uk\u00e1zku metody CPEM a m\u011b\u0159en\u00ed na vlastn\u00edch vzorc\u00edch, vypl\u0148te p\u0159ihla\u0161ovac\u00ed formul\u00e1\u0159 n\u00ed\u017ee. Z\u00e1jemc\u016fm se brzy ozveme na uvedenou emailovou adresu. Berte, pros\u00edm, na v\u011bdom\u00ed, \u017ee maxim\u00e1ln\u00ed velikost vzorku je 10x10x5 mm.<\/p>","protected":false},"author":1,"featured_media":0,"parent":0,"menu_order":0,"comment_status":"closed","ping_status":"closed","template":"","meta":{"_et_pb_use_builder":"on","_et_pb_old_content":"","_et_gb_content_width":"","footnotes":""},"_links":{"self":[{"href":"https:\/\/tacom.fel.cvut.cz\/en\/wp-json\/wp\/v2\/pages\/266"}],"collection":[{"href":"https:\/\/tacom.fel.cvut.cz\/en\/wp-json\/wp\/v2\/pages"}],"about":[{"href":"https:\/\/tacom.fel.cvut.cz\/en\/wp-json\/wp\/v2\/types\/page"}],"author":[{"embeddable":true,"href":"https:\/\/tacom.fel.cvut.cz\/en\/wp-json\/wp\/v2\/users\/1"}],"replies":[{"embeddable":true,"href":"https:\/\/tacom.fel.cvut.cz\/en\/wp-json\/wp\/v2\/comments?post=266"}],"version-history":[{"count":15,"href":"https:\/\/tacom.fel.cvut.cz\/en\/wp-json\/wp\/v2\/pages\/266\/revisions"}],"predecessor-version":[{"id":333,"href":"https:\/\/tacom.fel.cvut.cz\/en\/wp-json\/wp\/v2\/pages\/266\/revisions\/333"}],"wp:attachment":[{"href":"https:\/\/tacom.fel.cvut.cz\/en\/wp-json\/wp\/v2\/media?parent=266"}],"curies":[{"name":"wp","href":"https:\/\/api.w.org\/{rel}","templated":true}]}}